{"id":13,"date":"2023-03-14T03:26:13","date_gmt":"2023-03-14T03:26:13","guid":{"rendered":"https:\/\/juhojantunen.korkeakoski.net\/?page_id=13"},"modified":"2023-03-14T03:33:13","modified_gmt":"2023-03-14T03:33:13","slug":"uutiset","status":"publish","type":"page","link":"https:\/\/juhojantunen.korkeakoski.net\/","title":{"rendered":"Uutiset"},"content":{"rendered":"\n<p><\/p>\n\n\n\n<h2 class=\"wp-block-heading\">Uusi biisi &#8221;Kaikki tai ei mit\u00e4\u00e4n&#8221; ilmestyy 31.3.2023<\/h2>\n\n\n\n<p>&#8221;Kaikki tai ei mit\u00e4\u00e4n&#8221; ilmestyy digitaalisesti 31.3.2023. Esitallenna kappale Spotifyyn<a href=\"https:\/\/distrokid.com\/hyperfollow\/juhojantunen\/kaikki-tai-ei-mitn?fbclid=IwAR1NDr0VVztiZjPkTof0eCr2Ffw1H2x3cYl7a8Ut9MBNov2x88iY1vpb_aw\"> t\u00e4st\u00e4<\/a>.<\/p>\n\n\n\n<figure class=\"wp-block-image size-large\"><a href=\"https:\/\/juhojantunen.korkeakoski.net\/wp-content\/uploads\/2023\/03\/KaikkiTaiEiMitaanCover.png\"><img loading=\"lazy\" decoding=\"async\" width=\"1024\" height=\"1024\" src=\"https:\/\/juhojantunen.korkeakoski.net\/wp-content\/uploads\/2023\/03\/KaikkiTaiEiMitaanCover-1024x1024.png\" alt=\"\" class=\"wp-image-18\" srcset=\"https:\/\/juhojantunen.korkeakoski.net\/wp-content\/uploads\/2023\/03\/KaikkiTaiEiMitaanCover-1024x1024.png 1024w, https:\/\/juhojantunen.korkeakoski.net\/wp-content\/uploads\/2023\/03\/KaikkiTaiEiMitaanCover-300x300.png 300w, https:\/\/juhojantunen.korkeakoski.net\/wp-content\/uploads\/2023\/03\/KaikkiTaiEiMitaanCover-150x150.png 150w, https:\/\/juhojantunen.korkeakoski.net\/wp-content\/uploads\/2023\/03\/KaikkiTaiEiMitaanCover-768x768.png 768w, https:\/\/juhojantunen.korkeakoski.net\/wp-content\/uploads\/2023\/03\/KaikkiTaiEiMitaanCover-1536x1536.png 1536w, https:\/\/juhojantunen.korkeakoski.net\/wp-content\/uploads\/2023\/03\/KaikkiTaiEiMitaanCover-640x640.png 640w, https:\/\/juhojantunen.korkeakoski.net\/wp-content\/uploads\/2023\/03\/KaikkiTaiEiMitaanCover-180x180.png 180w, https:\/\/juhojantunen.korkeakoski.net\/wp-content\/uploads\/2023\/03\/KaikkiTaiEiMitaanCover.png 2048w\" sizes=\"(max-width: 1024px) 100vw, 1024px\" \/><\/a><\/figure>\n\n\n\n<h2 class=\"wp-block-heading\">TIEDOTE: Goon-yhtyeest\u00e4 tuttu Juho Jantunen julkaisee uuden soolo-singlen \u201cJos\u00a0ei\u00a0meit\u00e4\u00a0olis\u201d 18.11.2022<\/h2>\n\n\n\n<p>Seattlessa nyky\u00e4\u00e4n vaikuttava, Goon -yhtyeen keulakuvana tunnettu Juho Jantunen julkaisee uuden singlen \u201dJos\u00a0ei\u00a0meit\u00e4\u00a0olis\u201d perjantaina 18.11.2022. Biisi on tehty yhteisty\u00f6ss\u00e4 Jussi Hartosen kanssa, joka tunnetaan my\u00f6s Goon -yhtyeen kitaristina ja MurhaMurha -yhtyeen laulajana. Biisiss\u00e4 kuljetaan syysy\u00f6st\u00e4 j\u00e4rven rannalta maailmankaikkeuden \u00e4\u00e4riin ja pohditaan el\u00e4m\u00e4n perimm\u00e4isi\u00e4 kysymyksi\u00e4. T\u00e4m\u00e4 on yksi laulunkirjoittajan lempiaiheista, josta riitt\u00e4\u00e4 ammennettavaa. Aiempaan akustiseen soolotuotantoon verrattuna biisi on konevetoisempi, mutta taittuu my\u00f6s rokin suuntaan Jussin kattavien kitarasovitusten kautta. Kaksikko ty\u00f6skentelee Seattle-Helsinki -akselilla kahdelta mantereelta k\u00e4sin, ja suunnittelee julkaisevansa lis\u00e4\u00e4 musiikkia samanlaisella rennolla ja kerroksittain rakentuvalla ty\u00f6tavalla tulevaisuudessa. Single julkaistaan digitaalisesti t\u00e4rkeimmill\u00e4 julkaisualustoilla, ja julkaisun hoitaa Studio Oy Korkeakoski.<\/p>\n\n\n\n<figure class=\"wp-block-image size-large\"><a href=\"https:\/\/juhojantunen.korkeakoski.net\/wp-content\/uploads\/2023\/03\/levynkansi_upscaled-scaled.webp\"><img loading=\"lazy\" decoding=\"async\" width=\"1024\" height=\"1024\" src=\"https:\/\/juhojantunen.korkeakoski.net\/wp-content\/uploads\/2023\/03\/levynkansi_upscaled-1024x1024.webp\" alt=\"\" class=\"wp-image-19\" srcset=\"https:\/\/juhojantunen.korkeakoski.net\/wp-content\/uploads\/2023\/03\/levynkansi_upscaled-1024x1024.webp 1024w, https:\/\/juhojantunen.korkeakoski.net\/wp-content\/uploads\/2023\/03\/levynkansi_upscaled-300x300.webp 300w, https:\/\/juhojantunen.korkeakoski.net\/wp-content\/uploads\/2023\/03\/levynkansi_upscaled-150x150.webp 150w, https:\/\/juhojantunen.korkeakoski.net\/wp-content\/uploads\/2023\/03\/levynkansi_upscaled-768x768.webp 768w, https:\/\/juhojantunen.korkeakoski.net\/wp-content\/uploads\/2023\/03\/levynkansi_upscaled-1536x1536.webp 1536w, https:\/\/juhojantunen.korkeakoski.net\/wp-content\/uploads\/2023\/03\/levynkansi_upscaled-2048x2048.webp 2048w, https:\/\/juhojantunen.korkeakoski.net\/wp-content\/uploads\/2023\/03\/levynkansi_upscaled-640x640.webp 640w, https:\/\/juhojantunen.korkeakoski.net\/wp-content\/uploads\/2023\/03\/levynkansi_upscaled-180x180.webp 180w\" sizes=\"(max-width: 1024px) 100vw, 1024px\" \/><\/a><\/figure>\n\n\n\n<p><\/p>\n\n\n\n<p><\/p>\n","protected":false},"excerpt":{"rendered":"<p>Uusi biisi &#8221;Kaikki tai ei mit\u00e4\u00e4n&#8221; ilmestyy 31.3.2023 &#8221;Kaikki tai ei mit\u00e4\u00e4n&#8221; ilmestyy digitaalisesti 31.3.2023. Esitallenna kappale Spotifyyn t\u00e4st\u00e4. TIEDOTE: Goon-yhtyeest\u00e4 tuttu Juho Jantunen julkaisee uuden soolo-singlen \u201cJos\u00a0ei\u00a0meit\u00e4\u00a0olis\u201d 18.11.2022 Seattlessa<a href=\"https:\/\/juhojantunen.korkeakoski.net\/\" class=\"more-link\"><span class=\"readmore\">Continue reading<span class=\"screen-reader-text\">Uutiset<\/span><\/span><\/a><\/p>\n","protected":false},"author":1,"featured_media":0,"parent":0,"menu_order":0,"comment_status":"closed","ping_status":"closed","template":"","meta":{"footnotes":""},"_links":{"self":[{"href":"https:\/\/juhojantunen.korkeakoski.net\/index.php?rest_route=\/wp\/v2\/pages\/13"}],"collection":[{"href":"https:\/\/juhojantunen.korkeakoski.net\/index.php?rest_route=\/wp\/v2\/pages"}],"about":[{"href":"https:\/\/juhojantunen.korkeakoski.net\/index.php?rest_route=\/wp\/v2\/types\/page"}],"author":[{"embeddable":true,"href":"https:\/\/juhojantunen.korkeakoski.net\/index.php?rest_route=\/wp\/v2\/users\/1"}],"replies":[{"embeddable":true,"href":"https:\/\/juhojantunen.korkeakoski.net\/index.php?rest_route=%2Fwp%2Fv2%2Fcomments&post=13"}],"version-history":[{"count":3,"href":"https:\/\/juhojantunen.korkeakoski.net\/index.php?rest_route=\/wp\/v2\/pages\/13\/revisions"}],"predecessor-version":[{"id":22,"href":"https:\/\/juhojantunen.korkeakoski.net\/index.php?rest_route=\/wp\/v2\/pages\/13\/revisions\/22"}],"wp:attachment":[{"href":"https:\/\/juhojantunen.korkeakoski.net\/index.php?rest_route=%2Fwp%2Fv2%2Fmedia&parent=13"}],"curies":[{"name":"wp","href":"https:\/\/api.w.org\/{rel}","templated":true}]}}