{"id":2,"date":"2017-11-17T09:02:03","date_gmt":"2017-11-17T09:02:03","guid":{"rendered":"https:\/\/juhojantunen.korkeakoski.net\/?page_id=2"},"modified":"2023-03-14T03:39:45","modified_gmt":"2023-03-14T03:39:45","slug":"about","status":"publish","type":"page","link":"https:\/\/juhojantunen.korkeakoski.net\/?page_id=2","title":{"rendered":"Promo"},"content":{"rendered":"<p>Juho Jantunen on Seattlessa asuva lauluntekij\u00e4, joka tunnetaan parhaiten Goon-yhtyeen keulakuvana. Juho ty\u00f6st\u00e4\u00e4 t\u00e4ll\u00e4 hetkell\u00e4 soolomusiikkia itse \u00e4\u00e4nitt\u00e4en, tuottaen ja miksaten kappaleensa, yhdess\u00e4 kitaristi Jussi Hartosen kanssa.<\/p>\n\n\n<h2 class=\"wp-block-heading\">Promokuvat<\/h2>\n\n\n\n<p>Kuvat ovat vapaasti k\u00e4ytett\u00e4viss\u00e4 artistiin liittyviin mediatarkoituksiin. Kuvaaja Anita Jantunen, 2023.<\/p>\n\n\n\n<figure class=\"wp-block-image size-large\"><a href=\"https:\/\/juhojantunen.korkeakoski.net\/wp-content\/uploads\/2023\/03\/JuhoJantunenPromo1-scaled.jpg\"><img loading=\"lazy\" decoding=\"async\" width=\"1024\" height=\"906\" src=\"https:\/\/juhojantunen.korkeakoski.net\/wp-content\/uploads\/2023\/03\/JuhoJantunenPromo1-1024x906.jpg\" alt=\"\" class=\"wp-image-26\" srcset=\"https:\/\/juhojantunen.korkeakoski.net\/wp-content\/uploads\/2023\/03\/JuhoJantunenPromo1-1024x906.jpg 1024w, https:\/\/juhojantunen.korkeakoski.net\/wp-content\/uploads\/2023\/03\/JuhoJantunenPromo1-300x265.jpg 300w, https:\/\/juhojantunen.korkeakoski.net\/wp-content\/uploads\/2023\/03\/JuhoJantunenPromo1-768x680.jpg 768w, https:\/\/juhojantunen.korkeakoski.net\/wp-content\/uploads\/2023\/03\/JuhoJantunenPromo1-1536x1359.jpg 1536w, https:\/\/juhojantunen.korkeakoski.net\/wp-content\/uploads\/2023\/03\/JuhoJantunenPromo1-2048x1812.jpg 2048w\" sizes=\"(max-width: 1024px) 100vw, 1024px\" \/><\/a><\/figure>\n\n\n\n<figure class=\"wp-block-image size-large\"><a href=\"https:\/\/juhojantunen.korkeakoski.net\/wp-content\/uploads\/2023\/03\/JuhoJantunenPromo2-scaled.jpg\"><img loading=\"lazy\" decoding=\"async\" width=\"1024\" height=\"736\" src=\"https:\/\/juhojantunen.korkeakoski.net\/wp-content\/uploads\/2023\/03\/JuhoJantunenPromo2-1024x736.jpg\" alt=\"\" class=\"wp-image-27\" srcset=\"https:\/\/juhojantunen.korkeakoski.net\/wp-content\/uploads\/2023\/03\/JuhoJantunenPromo2-1024x736.jpg 1024w, https:\/\/juhojantunen.korkeakoski.net\/wp-content\/uploads\/2023\/03\/JuhoJantunenPromo2-300x216.jpg 300w, https:\/\/juhojantunen.korkeakoski.net\/wp-content\/uploads\/2023\/03\/JuhoJantunenPromo2-768x552.jpg 768w, https:\/\/juhojantunen.korkeakoski.net\/wp-content\/uploads\/2023\/03\/JuhoJantunenPromo2-1536x1104.jpg 1536w, https:\/\/juhojantunen.korkeakoski.net\/wp-content\/uploads\/2023\/03\/JuhoJantunenPromo2-2048x1472.jpg 2048w\" sizes=\"(max-width: 1024px) 100vw, 1024px\" \/><\/a><\/figure>\n\n\n\n<figure class=\"wp-block-image size-large\"><a href=\"https:\/\/juhojantunen.korkeakoski.net\/wp-content\/uploads\/2023\/03\/JuhoJantunenPromo3-scaled.jpg\"><img loading=\"lazy\" decoding=\"async\" width=\"985\" height=\"1024\" src=\"https:\/\/juhojantunen.korkeakoski.net\/wp-content\/uploads\/2023\/03\/JuhoJantunenPromo3-985x1024.jpg\" alt=\"\" class=\"wp-image-28\" srcset=\"https:\/\/juhojantunen.korkeakoski.net\/wp-content\/uploads\/2023\/03\/JuhoJantunenPromo3-985x1024.jpg 985w, https:\/\/juhojantunen.korkeakoski.net\/wp-content\/uploads\/2023\/03\/JuhoJantunenPromo3-288x300.jpg 288w, https:\/\/juhojantunen.korkeakoski.net\/wp-content\/uploads\/2023\/03\/JuhoJantunenPromo3-768x799.jpg 768w, https:\/\/juhojantunen.korkeakoski.net\/wp-content\/uploads\/2023\/03\/JuhoJantunenPromo3-1477x1536.jpg 1477w, https:\/\/juhojantunen.korkeakoski.net\/wp-content\/uploads\/2023\/03\/JuhoJantunenPromo3-1969x2048.jpg 1969w\" sizes=\"(max-width: 985px) 100vw, 985px\" \/><\/a><\/figure>\n\n\n\n<h2 class=\"wp-block-heading\">Levyn kansi &#8221;Kaikki tai ei mit\u00e4\u00e4n&#8221;<\/h2>\n\n\n\n<p>Tulevan 31.3.2023 ilmestyv\u00e4n &#8221;Kaikki tai ei mit\u00e4\u00e4n&#8221; -kappaleen levyn kansi mediak\u00e4ytt\u00f6\u00f6n. <\/p>\n\n\n\n<figure class=\"wp-block-image size-large\"><a href=\"https:\/\/juhojantunen.korkeakoski.net\/wp-content\/uploads\/2023\/03\/KaikkiTaiEiMitaanCover-1.png\"><img loading=\"lazy\" decoding=\"async\" width=\"1024\" height=\"1024\" src=\"https:\/\/juhojantunen.korkeakoski.net\/wp-content\/uploads\/2023\/03\/KaikkiTaiEiMitaanCover-1-1024x1024.png\" alt=\"\" class=\"wp-image-29\" srcset=\"https:\/\/juhojantunen.korkeakoski.net\/wp-content\/uploads\/2023\/03\/KaikkiTaiEiMitaanCover-1-1024x1024.png 1024w, https:\/\/juhojantunen.korkeakoski.net\/wp-content\/uploads\/2023\/03\/KaikkiTaiEiMitaanCover-1-300x300.png 300w, https:\/\/juhojantunen.korkeakoski.net\/wp-content\/uploads\/2023\/03\/KaikkiTaiEiMitaanCover-1-150x150.png 150w, https:\/\/juhojantunen.korkeakoski.net\/wp-content\/uploads\/2023\/03\/KaikkiTaiEiMitaanCover-1-768x768.png 768w, https:\/\/juhojantunen.korkeakoski.net\/wp-content\/uploads\/2023\/03\/KaikkiTaiEiMitaanCover-1-1536x1536.png 1536w, https:\/\/juhojantunen.korkeakoski.net\/wp-content\/uploads\/2023\/03\/KaikkiTaiEiMitaanCover-1-640x640.png 640w, https:\/\/juhojantunen.korkeakoski.net\/wp-content\/uploads\/2023\/03\/KaikkiTaiEiMitaanCover-1-180x180.png 180w, https:\/\/juhojantunen.korkeakoski.net\/wp-content\/uploads\/2023\/03\/KaikkiTaiEiMitaanCover-1.png 2048w\" sizes=\"(max-width: 1024px) 100vw, 1024px\" \/><\/a><\/figure>\n\n\n\n<p><\/p>\n","protected":false},"excerpt":{"rendered":"<p>Juho Jantunen on Seattlessa asuva lauluntekij\u00e4, joka tunnetaan parhaiten Goon-yhtyeen keulakuvana. Juho ty\u00f6st\u00e4\u00e4 t\u00e4ll\u00e4 hetkell\u00e4 soolomusiikkia itse \u00e4\u00e4nitt\u00e4en, tuottaen ja miksaten kappaleensa, yhdess\u00e4 kitaristi Jussi Hartosen kanssa. Promokuvat Kuvat ovat<a href=\"https:\/\/juhojantunen.korkeakoski.net\/?page_id=2\" class=\"more-link\"><span class=\"readmore\">Continue reading<span class=\"screen-reader-text\">Promo<\/span><\/span><\/a><\/p>\n","protected":false},"author":1,"featured_media":0,"parent":0,"menu_order":0,"comment_status":"open","ping_status":"open","template":"","meta":{"footnotes":""},"_links":{"self":[{"href":"https:\/\/juhojantunen.korkeakoski.net\/index.php?rest_route=\/wp\/v2\/pages\/2"}],"collection":[{"href":"https:\/\/juhojantunen.korkeakoski.net\/index.php?rest_route=\/wp\/v2\/pages"}],"about":[{"href":"https:\/\/juhojantunen.korkeakoski.net\/index.php?rest_route=\/wp\/v2\/types\/page"}],"author":[{"embeddable":true,"href":"https:\/\/juhojantunen.korkeakoski.net\/index.php?rest_route=\/wp\/v2\/users\/1"}],"replies":[{"embeddable":true,"href":"https:\/\/juhojantunen.korkeakoski.net\/index.php?rest_route=%2Fwp%2Fv2%2Fcomments&post=2"}],"version-history":[{"count":3,"href":"https:\/\/juhojantunen.korkeakoski.net\/index.php?rest_route=\/wp\/v2\/pages\/2\/revisions"}],"predecessor-version":[{"id":30,"href":"https:\/\/juhojantunen.korkeakoski.net\/index.php?rest_route=\/wp\/v2\/pages\/2\/revisions\/30"}],"wp:attachment":[{"href":"https:\/\/juhojantunen.korkeakoski.net\/index.php?rest_route=%2Fwp%2Fv2%2Fmedia&parent=2"}],"curies":[{"name":"wp","href":"https:\/\/api.w.org\/{rel}","templated":true}]}}